{"id":6118,"date":"2024-11-21T12:54:30","date_gmt":"2024-11-21T12:54:30","guid":{"rendered":"https:\/\/pcc.vx-dev.de\/products-and-applications\/silicon-derivatives\/"},"modified":"2025-05-15T14:51:07","modified_gmt":"2025-05-15T14:51:07","slug":"silicon-derivatives","status":"publish","type":"page","link":"https:\/\/pcc.eu\/en\/products-and-applications\/silicon-derivatives\/","title":{"rendered":"Silicon &amp; Derivatives"},"content":{"rendered":"\t\t<div data-elementor-type=\"wp-page\" data-elementor-id=\"6118\" class=\"elementor elementor-6118 elementor-1580\" data-elementor-post-type=\"page\">\n\t\t\t\t<div class=\"elementor-element elementor-element-784a0e7 e-con-full e-flex e-con e-child\" data-id=\"784a0e7\" data-element_type=\"container\" data-e-type=\"container\">\n\t\t<div class=\"elementor-element elementor-element-56b179e e-con-full e-flex e-con e-child\" data-id=\"56b179e\" data-element_type=\"container\" data-e-type=\"container\">\n\t\t\t\t<div class=\"elementor-element elementor-element-c2e2f1d elementor-widget elementor-widget-heading\" data-id=\"c2e2f1d\" data-element_type=\"widget\" data-e-type=\"widget\" data-widget_type=\"heading.default\">\n\t\t\t\t<div class=\"elementor-widget-container\">\n\t\t\t\t\t<h1 class=\"elementor-heading-title elementor-size-default\">Silicon &amp; Derivatives<\/h1>\t\t\t\t<\/div>\n\t\t\t\t<\/div>\n\t\t\t\t<div class=\"elementor-element elementor-element-6c7cf9f elementor-widget elementor-widget-text-editor\" data-id=\"6c7cf9f\" data-element_type=\"widget\" data-e-type=\"widget\" data-widget_type=\"text-editor.default\">\n\t\t\t\t<div class=\"elementor-widget-container\">\n\t\t\t\t\t\t\t\t\tSilicon metal \u2013 climate-friendly produced with many applications\t\t\t\t\t\t\t\t<\/div>\n\t\t\t\t<\/div>\n\t\t\t\t<div class=\"elementor-element elementor-element-a7fd1cf elementor-widget elementor-widget-text-editor\" data-id=\"a7fd1cf\" data-element_type=\"widget\" data-e-type=\"widget\" data-widget_type=\"text-editor.default\">\n\t\t\t\t<div class=\"elementor-widget-container\">\n\t\t\t\t\t\t\t\t\t<p>The Silicon &amp; Derivatives segment is divided into the Quartzite and Silicon Metal business areas. Silicon metal is used, among other things, as an aluminum alloy element and in the chemical industry for the production of siloxane and silicone. In addition, there is a strong long-term increase in demand for silicon metal and the silicon powder that occurs during production, among other things due to new applications in the context of climate protection. And we produce this raw material, which is so important for electronic components, solar systems, batteries and many other innovative products, close to our customers in Europe and on the basis of 100% renewable energies: Our silicon metal plant of the Group company PCC BakkiSilicon hf. is located in northern Iceland, near the small town of H\u00fasav\u00edk, and uses electricity from the rich geothermal resources Iceland is known for.    <\/p><p>In addition, in the Silicon &amp; Derivatives segment, we also manage the quartzite quarry of PCC Silicon S.A. in Zag\u00f3rze, Poland. Quartzite is an essential starting material for our silicon metal production and the Group\u2019s own supply of this raw material makes our plant independent of market fluctuations. <\/p><p>Find out more about our silicon metal plant <a href=\"https:\/\/pcc.eu\/en\/investment\/advanced-silicon-metal-production-plant-in-iceland\/\">here &gt;&gt;<\/a> <\/p><p>This takes you to the website of our group company <a href=\"https:\/\/www.pcc.is\/\" target=\"_blank\" rel=\"noopener\">BakkiSilicon hf. &gt;&gt;<\/a> <\/p>\t\t\t\t\t\t\t\t<\/div>\n\t\t\t\t<\/div>\n\t\t\t\t<\/div>\n\t\t<div class=\"elementor-element elementor-element-7bb635a e-con-full e-flex e-con e-child\" data-id=\"7bb635a\" data-element_type=\"container\" data-e-type=\"container\">\n\t\t\t\t<div class=\"elementor-element elementor-element-28a1787 elementor-widget elementor-widget-n-accordion\" data-id=\"28a1787\" data-element_type=\"widget\" data-e-type=\"widget\" data-settings=\"{&quot;default_state&quot;:&quot;all_collapsed&quot;,&quot;max_items_expended&quot;:&quot;one&quot;,&quot;n_accordion_animation_duration&quot;:{&quot;unit&quot;:&quot;ms&quot;,&quot;size&quot;:400,&quot;sizes&quot;:[]}}\" data-widget_type=\"nested-accordion.default\">\n\t\t\t\t<div class=\"elementor-widget-container\">\n\t\t\t\t\t\t\t<div class=\"e-n-accordion\" aria-label=\"Accordion. Open links with Enter or Space, close with Escape, and navigate with Arrow Keys\">\n\t\t\t\t\t\t<details id=\"e-n-accordion-item-4260\" class=\"e-n-accordion-item\" >\n\t\t\t\t<summary class=\"e-n-accordion-item-title\" data-accordion-index=\"1\" tabindex=\"0\" aria-expanded=\"false\" aria-controls=\"e-n-accordion-item-4260\" >\n\t\t\t\t\t<span class='e-n-accordion-item-title-header'><div class=\"e-n-accordion-item-title-text\">  Silicon metal and its applications <\/div><\/span>\n\t\t\t\t\t\t\t<span class='e-n-accordion-item-title-icon'>\n\t\t\t<span class='e-opened' ><svg aria-hidden=\"true\" class=\"e-font-icon-svg e-fas-minus\" viewBox=\"0 0 448 512\" xmlns=\"http:\/\/www.w3.org\/2000\/svg\"><path d=\"M416 208H32c-17.67 0-32 14.33-32 32v32c0 17.67 14.33 32 32 32h384c17.67 0 32-14.33 32-32v-32c0-17.67-14.33-32-32-32z\"><\/path><\/svg><\/span>\n\t\t\t<span class='e-closed'><svg aria-hidden=\"true\" class=\"e-font-icon-svg e-fas-plus\" viewBox=\"0 0 448 512\" xmlns=\"http:\/\/www.w3.org\/2000\/svg\"><path d=\"M416 208H272V64c0-17.67-14.33-32-32-32h-32c-17.67 0-32 14.33-32 32v144H32c-17.67 0-32 14.33-32 32v32c0 17.67 14.33 32 32 32h144v144c0 17.67 14.33 32 32 32h32c17.67 0 32-14.33 32-32V304h144c17.67 0 32-14.33 32-32v-32c0-17.67-14.33-32-32-32z\"><\/path><\/svg><\/span>\n\t\t<\/span>\n\n\t\t\t\t\t\t<\/summary>\n\t\t\t\t<div role=\"region\" aria-labelledby=\"e-n-accordion-item-4260\" class=\"elementor-element elementor-element-d9624b1 e-con-full e-flex e-con e-child\" data-id=\"d9624b1\" data-element_type=\"container\" data-e-type=\"container\">\n\t\t\t\t<div class=\"elementor-element elementor-element-407bbde elementor-widget elementor-widget-text-editor\" data-id=\"407bbde\" data-element_type=\"widget\" data-e-type=\"widget\" data-widget_type=\"text-editor.default\">\n\t\t\t\t<div class=\"elementor-widget-container\">\n\t\t\t\t\t\t\t\t\tSilicon metal and silicon powder are used in a variety of applications in the chemical industry, for example for the production of silicones and silanes, it is used to produce high-strength aluminum alloys for the automotive industry, for example, and is also a main raw material for further processing in the manufacture of photovoltaic modules.<br><\/br>\nMoreover, there is a long-term increase in demand for silicon metal due to novel applications in the context of climate protection adaptations. For instance, we are collaborating with the Fraunhofer Institute for Solar Energy Systems ISE in Freiburg to develop battery anode materials to enhance the performance of lithium-ion batteries, the fundamental components of electromobility. And this is just one of several parallel development activities for silicon-based products, particularly for battery and photovoltaic applications with their enormous growth potential.  \t\t\t\t\t\t\t\t<\/div>\n\t\t\t\t<\/div>\n\t\t\t\t<\/div>\n\t\t\t\t\t<\/details>\n\t\t\t\t\t\t<details id=\"e-n-accordion-item-4261\" class=\"e-n-accordion-item\" >\n\t\t\t\t<summary class=\"e-n-accordion-item-title\" data-accordion-index=\"2\" tabindex=\"-1\" aria-expanded=\"false\" aria-controls=\"e-n-accordion-item-4261\" >\n\t\t\t\t\t<span class='e-n-accordion-item-title-header'><div class=\"e-n-accordion-item-title-text\">  Climate-friendly silicon metal production <\/div><\/span>\n\t\t\t\t\t\t\t<span class='e-n-accordion-item-title-icon'>\n\t\t\t<span class='e-opened' ><svg aria-hidden=\"true\" class=\"e-font-icon-svg e-fas-minus\" viewBox=\"0 0 448 512\" xmlns=\"http:\/\/www.w3.org\/2000\/svg\"><path d=\"M416 208H32c-17.67 0-32 14.33-32 32v32c0 17.67 14.33 32 32 32h384c17.67 0 32-14.33 32-32v-32c0-17.67-14.33-32-32-32z\"><\/path><\/svg><\/span>\n\t\t\t<span class='e-closed'><svg aria-hidden=\"true\" class=\"e-font-icon-svg e-fas-plus\" viewBox=\"0 0 448 512\" xmlns=\"http:\/\/www.w3.org\/2000\/svg\"><path d=\"M416 208H272V64c0-17.67-14.33-32-32-32h-32c-17.67 0-32 14.33-32 32v144H32c-17.67 0-32 14.33-32 32v32c0 17.67 14.33 32 32 32h144v144c0 17.67 14.33 32 32 32h32c17.67 0 32-14.33 32-32V304h144c17.67 0 32-14.33 32-32v-32c0-17.67-14.33-32-32-32z\"><\/path><\/svg><\/span>\n\t\t<\/span>\n\n\t\t\t\t\t\t<\/summary>\n\t\t\t\t<div role=\"region\" aria-labelledby=\"e-n-accordion-item-4261\" class=\"elementor-element elementor-element-f04ddfb e-con-full e-flex e-con e-child\" data-id=\"f04ddfb\" data-element_type=\"container\" data-e-type=\"container\">\n\t\t\t\t<div class=\"elementor-element elementor-element-87eadfb elementor-widget elementor-widget-text-editor\" data-id=\"87eadfb\" data-element_type=\"widget\" data-e-type=\"widget\" data-widget_type=\"text-editor.default\">\n\t\t\t\t<div class=\"elementor-widget-container\">\n\t\t\t\t\t\t\t\t\tThe production process is very energy-intensive, which is why Iceland, with its rich geothermal and hydroelectric resources and comparatively low electricity costs, has presented itself as a suitable location. By supplying the production exclusively with electricity from Iceland&#8217;s abundant renewable energy sources, our plant achieves significantly lower greenhouse gas emissions than comparable facilities worldwide. As a result, the CO<sub>2<\/sub> footprint of applications that use the silicon metal we produce in Iceland as a raw material or component is also considerably smaller.  \t\t\t\t\t\t\t\t<\/div>\n\t\t\t\t<\/div>\n\t\t\t\t<\/div>\n\t\t\t\t\t<\/details>\n\t\t\t\t\t\t<details id=\"e-n-accordion-item-4262\" class=\"e-n-accordion-item\" >\n\t\t\t\t<summary class=\"e-n-accordion-item-title\" data-accordion-index=\"3\" tabindex=\"-1\" aria-expanded=\"false\" aria-controls=\"e-n-accordion-item-4262\" >\n\t\t\t\t\t<span class='e-n-accordion-item-title-header'><div class=\"e-n-accordion-item-title-text\">  Quartzite and its applications <\/div><\/span>\n\t\t\t\t\t\t\t<span class='e-n-accordion-item-title-icon'>\n\t\t\t<span class='e-opened' ><svg aria-hidden=\"true\" class=\"e-font-icon-svg e-fas-minus\" viewBox=\"0 0 448 512\" xmlns=\"http:\/\/www.w3.org\/2000\/svg\"><path d=\"M416 208H32c-17.67 0-32 14.33-32 32v32c0 17.67 14.33 32 32 32h384c17.67 0 32-14.33 32-32v-32c0-17.67-14.33-32-32-32z\"><\/path><\/svg><\/span>\n\t\t\t<span class='e-closed'><svg aria-hidden=\"true\" class=\"e-font-icon-svg e-fas-plus\" viewBox=\"0 0 448 512\" xmlns=\"http:\/\/www.w3.org\/2000\/svg\"><path d=\"M416 208H272V64c0-17.67-14.33-32-32-32h-32c-17.67 0-32 14.33-32 32v144H32c-17.67 0-32 14.33-32 32v32c0 17.67 14.33 32 32 32h144v144c0 17.67 14.33 32 32 32h32c17.67 0 32-14.33 32-32V304h144c17.67 0 32-14.33 32-32v-32c0-17.67-14.33-32-32-32z\"><\/path><\/svg><\/span>\n\t\t<\/span>\n\n\t\t\t\t\t\t<\/summary>\n\t\t\t\t<div role=\"region\" aria-labelledby=\"e-n-accordion-item-4262\" class=\"elementor-element elementor-element-4c6ac4a e-con-full e-flex e-con e-child\" data-id=\"4c6ac4a\" data-element_type=\"container\" data-e-type=\"container\">\n\t\t\t\t<div class=\"elementor-element elementor-element-e978a51 elementor-widget elementor-widget-text-editor\" data-id=\"e978a51\" data-element_type=\"widget\" data-e-type=\"widget\" data-widget_type=\"text-editor.default\">\n\t\t\t\t<div class=\"elementor-widget-container\">\n\t\t\t\t\t\t\t\t\tThe Silicon &amp; Derivatives segment is rounded off by the quartzite quarry and the associated processing plant of PCC Silicium S.A. in Zag\u00f3rze, Poland. The quartzite mined there is used as filling material for the construction of roads and railway lines, but is also supplied to the ferrosilicon industry. In addition, we use some of the quartzite in our silicon metal production plant. Quartzite is one of the essential starting materials for the production of silicon metal.   \t\t\t\t\t\t\t\t<\/div>\n\t\t\t\t<\/div>\n\t\t\t\t<\/div>\n\t\t\t\t\t<\/details>\n\t\t\t\t\t\t<details id=\"e-n-accordion-item-4263\" class=\"e-n-accordion-item\" >\n\t\t\t\t<summary class=\"e-n-accordion-item-title\" data-accordion-index=\"4\" tabindex=\"-1\" aria-expanded=\"false\" aria-controls=\"e-n-accordion-item-4263\" >\n\t\t\t\t\t<span class='e-n-accordion-item-title-header'><div class=\"e-n-accordion-item-title-text\">  Our sites \/ Contact details <\/div><\/span>\n\t\t\t\t\t\t\t<span class='e-n-accordion-item-title-icon'>\n\t\t\t<span class='e-opened' ><svg aria-hidden=\"true\" class=\"e-font-icon-svg e-fas-minus\" viewBox=\"0 0 448 512\" xmlns=\"http:\/\/www.w3.org\/2000\/svg\"><path d=\"M416 208H32c-17.67 0-32 14.33-32 32v32c0 17.67 14.33 32 32 32h384c17.67 0 32-14.33 32-32v-32c0-17.67-14.33-32-32-32z\"><\/path><\/svg><\/span>\n\t\t\t<span class='e-closed'><svg aria-hidden=\"true\" class=\"e-font-icon-svg e-fas-plus\" viewBox=\"0 0 448 512\" xmlns=\"http:\/\/www.w3.org\/2000\/svg\"><path d=\"M416 208H272V64c0-17.67-14.33-32-32-32h-32c-17.67 0-32 14.33-32 32v144H32c-17.67 0-32 14.33-32 32v32c0 17.67 14.33 32 32 32h144v144c0 17.67 14.33 32 32 32h32c17.67 0 32-14.33 32-32V304h144c17.67 0 32-14.33 32-32v-32c0-17.67-14.33-32-32-32z\"><\/path><\/svg><\/span>\n\t\t<\/span>\n\n\t\t\t\t\t\t<\/summary>\n\t\t\t\t<div role=\"region\" aria-labelledby=\"e-n-accordion-item-4263\" class=\"elementor-element elementor-element-8f3733b e-flex e-con-boxed e-con e-child\" data-id=\"8f3733b\" data-element_type=\"container\" data-e-type=\"container\">\n\t\t\t\t\t<div class=\"e-con-inner\">\n\t\t\t\t<div class=\"elementor-element elementor-element-bc01fb4 e-n-tabs-mobile elementor-widget elementor-widget-n-tabs\" data-id=\"bc01fb4\" data-element_type=\"widget\" data-e-type=\"widget\" data-settings=\"{&quot;tabs_justify_horizontal&quot;:&quot;start&quot;,&quot;horizontal_scroll&quot;:&quot;disable&quot;}\" data-widget_type=\"nested-tabs.default\">\n\t\t\t\t<div class=\"elementor-widget-container\">\n\t\t\t\t\t\t\t<div class=\"e-n-tabs\" data-widget-number=\"197140404\" aria-label=\"Tabs. Open items with Enter or Space, close with Escape and navigate using the Arrow keys.\">\n\t\t\t<div class=\"e-n-tabs-heading\" role=\"tablist\">\n\t\t\t\t\t<button id=\"e-n-tab-title-1971404041\" data-tab-title-id=\"e-n-tab-title-1971404041\" class=\"e-n-tab-title\" aria-selected=\"true\" data-tab-index=\"1\" role=\"tab\" tabindex=\"0\" aria-controls=\"e-n-tab-content-1971404041\" style=\"--n-tabs-title-order: 1;\">\n\t\t\t\t\t\t<span class=\"e-n-tab-title-text\">\n\t\t\t\tPCC BakkiSilicon hf.\t\t\t<\/span>\n\t\t<\/button>\n\t\t\t\t<button id=\"e-n-tab-title-1971404042\" data-tab-title-id=\"e-n-tab-title-1971404042\" class=\"e-n-tab-title\" aria-selected=\"false\" data-tab-index=\"2\" role=\"tab\" tabindex=\"-1\" aria-controls=\"e-n-tab-content-1971404042\" style=\"--n-tabs-title-order: 2;\">\n\t\t\t\t\t\t<span class=\"e-n-tab-title-text\">\n\t\t\t\tPCC Silicium S.A.\t\t\t<\/span>\n\t\t<\/button>\n\t\t\t\t\t<\/div>\n\t\t\t<div class=\"e-n-tabs-content\">\n\t\t\t\t<div role=\"region tabpanel\" aria-labelledby=\"e-n-accordion-item-4263 e-n-tab-title-1971404041\" id=\"e-n-tab-content-1971404041\" data-tab-index=\"1\" style=\"--n-tabs-title-order: 1;\" class=\"e-active elementor-element elementor-element-5eedfcd e-con-full e-flex e-con e-child\" data-id=\"5eedfcd\" data-element_type=\"container\" data-e-type=\"container\">\n\t\t\t\t<div class=\"elementor-element elementor-element-399c8c4 elementor-widget elementor-widget-text-editor\" data-id=\"399c8c4\" data-element_type=\"widget\" data-e-type=\"widget\" data-widget_type=\"text-editor.default\">\n\t\t\t\t<div class=\"elementor-widget-container\">\n\t\t\t\t\t\t\t\t\tProduction site: H\u00fasav\u00edk (IS)\t\t\t\t\t\t\t\t<\/div>\n\t\t\t\t<\/div>\n\t\t\t\t<div class=\"elementor-element elementor-element-21bc422 elementor-widget elementor-widget-standort_widget\" data-id=\"21bc422\" data-element_type=\"widget\" data-e-type=\"widget\" data-widget_type=\"standort_widget.default\">\n\t\t\t\t<div class=\"elementor-widget-container\">\n\t\t\t\t\t<div class=\"standort-content\"><div class=\"standort-address\"><strong>PCC BakkiSilicon hf.<\/strong><br><br>Bakkavegur 2<br>640 H\u00fasav\u00edk<br><br><\/div><div class=\"standort-contact\">Telefon: +354 464 00 60<br>E-Mail: <a href=\"mailto:info@pcc.is\">info@pcc.is<\/a><br><\/div><div class=\"standort-website\"><a href=\"https:\/\/www.pcc.is\" target=\"_blank\">https:\/\/www.pcc.is<\/a><br><\/div><\/div>\t\t\t\t<\/div>\n\t\t\t\t<\/div>\n\t\t\t\t<\/div>\n\t\t<div role=\"region tabpanel\" aria-labelledby=\"e-n-accordion-item-4263 e-n-tab-title-1971404042\" id=\"e-n-tab-content-1971404042\" data-tab-index=\"2\" style=\"--n-tabs-title-order: 2;\" class=\" elementor-element elementor-element-d522721 e-con-full e-flex e-con e-child\" data-id=\"d522721\" data-element_type=\"container\" data-e-type=\"container\">\n\t\t\t\t<div class=\"elementor-element elementor-element-0f33034 elementor-widget elementor-widget-text-editor\" data-id=\"0f33034\" data-element_type=\"widget\" data-e-type=\"widget\" data-widget_type=\"text-editor.default\">\n\t\t\t\t<div class=\"elementor-widget-container\">\n\t\t\t\t\t\t\t\t\tProduction site: Zag\u00f3rze (PL)\t\t\t\t\t\t\t\t<\/div>\n\t\t\t\t<\/div>\n\t\t\t\t<div class=\"elementor-element elementor-element-e7417d0 elementor-widget elementor-widget-standort_widget\" data-id=\"e7417d0\" data-element_type=\"widget\" data-e-type=\"widget\" data-widget_type=\"standort_widget.default\">\n\t\t\t\t<div class=\"elementor-widget-container\">\n\t\t\t\t\t<div class=\"standort-content\"><div class=\"standort-address\"><strong>PCC Silicium S.A.<\/strong><br><br>Zag\u00f3rze 92<br>26-140 \u0141\u0105czna<br><br><\/div><div class=\"standort-contact\">Telefon: +48 41 254 82 11<br>Fax: +48 41 254 83 30<br>E-Mail: <a href=\"mailto:sekretariat_sil@pcc.eu\">sekretariat_sil@pcc.eu<\/a><br><\/div><div class=\"standort-website\"><a href=\"https:\/\/www.pccsilicium.pl\" target=\"_blank\">https:\/\/www.pccsilicium.pl<\/a><br><\/div><\/div>\t\t\t\t<\/div>\n\t\t\t\t<\/div>\n\t\t\t\t<\/div>\n\t\t\t\t\t<\/div>\n\t\t<\/div>\n\t\t\t\t\t\t<\/div>\n\t\t\t\t<\/div>\n\t\t\t\t\t<\/div>\n\t\t\t\t<\/div>\n\t\t\t\t\t<\/details>\n\t\t\t\t\t<\/div>\n\t\t\t\t\t\t<\/div>\n\t\t\t\t<\/div>\n\t\t\t\t<\/div>\n\t\t\t\t<\/div>\n\t\t\t\t<\/div>\n\t\t","protected":false},"excerpt":{"rendered":"<p>Silicon &amp; Derivatives Silicon metal \u2013 climate-friendly produced with many applications The Silicon &amp; Derivatives segment is divided into the Quartzite and Silicon Metal business areas. Silicon metal is used, among other things, as an aluminum alloy element and in the chemical industry for the production of siloxane and silicone. In addition, there is a [&hellip;]<\/p>\n","protected":false},"author":2,"featured_media":4525,"parent":6008,"menu_order":3,"comment_status":"closed","ping_status":"closed","template":"","meta":{"_acf_changed":false,"footnotes":""},"class_list":["post-6118","page","type-page","status-publish","has-post-thumbnail","hentry"],"acf":[],"_links":{"self":[{"href":"https:\/\/pcc.eu\/en\/wp-json\/wp\/v2\/pages\/6118","targetHints":{"allow":["GET"]}}],"collection":[{"href":"https:\/\/pcc.eu\/en\/wp-json\/wp\/v2\/pages"}],"about":[{"href":"https:\/\/pcc.eu\/en\/wp-json\/wp\/v2\/types\/page"}],"author":[{"embeddable":true,"href":"https:\/\/pcc.eu\/en\/wp-json\/wp\/v2\/users\/2"}],"replies":[{"embeddable":true,"href":"https:\/\/pcc.eu\/en\/wp-json\/wp\/v2\/comments?post=6118"}],"version-history":[{"count":5,"href":"https:\/\/pcc.eu\/en\/wp-json\/wp\/v2\/pages\/6118\/revisions"}],"predecessor-version":[{"id":11943,"href":"https:\/\/pcc.eu\/en\/wp-json\/wp\/v2\/pages\/6118\/revisions\/11943"}],"up":[{"embeddable":true,"href":"https:\/\/pcc.eu\/en\/wp-json\/wp\/v2\/pages\/6008"}],"wp:featuredmedia":[{"embeddable":true,"href":"https:\/\/pcc.eu\/en\/wp-json\/wp\/v2\/media\/4525"}],"wp:attachment":[{"href":"https:\/\/pcc.eu\/en\/wp-json\/wp\/v2\/media?parent=6118"}],"curies":[{"name":"wp","href":"https:\/\/api.w.org\/{rel}","templated":true}]}}