{"id":6082,"date":"2024-11-21T12:54:57","date_gmt":"2024-11-21T12:54:57","guid":{"rendered":"https:\/\/pcc.vx-dev.de\/products-and-applications\/logistics\/"},"modified":"2024-12-16T14:42:53","modified_gmt":"2024-12-16T14:42:53","slug":"logistics","status":"publish","type":"page","link":"https:\/\/pcc.eu\/en\/products-and-applications\/logistics\/","title":{"rendered":"Logistics"},"content":{"rendered":"\t\t<div data-elementor-type=\"wp-page\" data-elementor-id=\"6082\" class=\"elementor elementor-6082 elementor-1584\" data-elementor-post-type=\"page\">\n\t\t\t\t<div class=\"elementor-element elementor-element-56b6fbd e-con-full e-flex e-con e-child\" data-id=\"56b6fbd\" data-element_type=\"container\" data-e-type=\"container\">\n\t\t\t\t<div class=\"elementor-element elementor-element-c222511 elementor-widget elementor-widget-heading\" data-id=\"c222511\" data-element_type=\"widget\" data-e-type=\"widget\" data-widget_type=\"heading.default\">\n\t\t\t\t<div class=\"elementor-widget-container\">\n\t\t\t\t\t<h1 class=\"elementor-heading-title elementor-size-default\">Logistics<\/h1>\t\t\t\t<\/div>\n\t\t\t\t<\/div>\n\t\t\t\t<div class=\"elementor-element elementor-element-5836550 elementor-widget elementor-widget-text-editor\" data-id=\"5836550\" data-element_type=\"widget\" data-e-type=\"widget\" data-widget_type=\"text-editor.default\">\n\t\t\t\t<div class=\"elementor-widget-container\">\n\t\t\t\t\t\t\t\t\t<p>Safe, reliable and flexible on road and rail<\/p>\n\t\t\t\t\t\t\t\t<\/div>\n\t\t\t\t<\/div>\n\t\t\t\t<div class=\"elementor-element elementor-element-3efba74 elementor-widget elementor-widget-text-editor\" data-id=\"3efba74\" data-element_type=\"widget\" data-e-type=\"widget\" data-widget_type=\"text-editor.default\">\n\t\t\t\t<div class=\"elementor-widget-container\">\n\t\t\t\t\t\t\t\t\t<p>The main revenue generator of our Logistics division is PCC Intermodal S.A.. This counts among Poland\u2019s leading providers of combined road and rail container transport services and operates five container terminals; a sixth is at the planning stage. The segment also encompasses the Polish company PCC Autochem Sp. z o.o., which specializes in the road haulage of liquid chemicals, and hazardous substances in particular.  <\/p>\n\t\t\t\t\t\t\t\t<\/div>\n\t\t\t\t<\/div>\n\t\t\t\t<\/div>\n\t\t<div class=\"elementor-element elementor-element-90c0429 e-flex e-con-boxed e-con e-parent\" data-id=\"90c0429\" data-element_type=\"container\" data-e-type=\"container\">\n\t\t\t\t\t<div class=\"e-con-inner\">\n\t\t<div class=\"elementor-element elementor-element-f7df74c e-con-full e-flex e-con e-child\" data-id=\"f7df74c\" data-element_type=\"container\" data-e-type=\"container\" data-settings=\"{&quot;background_background&quot;:&quot;classic&quot;}\">\n\t\t\t\t<div class=\"elementor-element elementor-element-3c023bb dce_masking-none elementor-position-top elementor-widget elementor-widget-image-box\" data-id=\"3c023bb\" data-element_type=\"widget\" data-e-type=\"widget\" data-widget_type=\"image-box.default\">\n\t\t\t\t<div class=\"elementor-widget-container\">\n\t\t\t\t\t<div class=\"elementor-image-box-wrapper\"><figure class=\"elementor-image-box-img\"><img loading=\"lazy\" decoding=\"async\" width=\"768\" height=\"512\" src=\"https:\/\/pcc.eu\/wp-content\/uploads\/produkte-anwendungen\/pcc-logistik-intermodal-transport-image-1-768x512.jpg\" class=\"attachment-medium_large size-medium_large wp-image-4672\" alt=\"Luftaufnahme eines gro\u00dfen Containerhafens mit zahlreichen bunten, in Reihen gestapelten Containern. Zwischen den Reihen verlaufen Wege f\u00fcr Fahrzeuge und Ger\u00e4te. Mehrere gro\u00dfe Kr\u00e4ne und Maschinen sind zur Bewegung der Container im Einsatz.\" srcset=\"https:\/\/pcc.eu\/wp-content\/uploads\/produkte-anwendungen\/pcc-logistik-intermodal-transport-image-1-768x512.jpg 768w, https:\/\/pcc.eu\/wp-content\/uploads\/produkte-anwendungen\/pcc-logistik-intermodal-transport-image-1-300x200.jpg 300w, https:\/\/pcc.eu\/wp-content\/uploads\/produkte-anwendungen\/pcc-logistik-intermodal-transport-image-1.jpg 800w\" sizes=\"auto, (max-width: 768px) 100vw, 768px\" \/><\/figure><div class=\"elementor-image-box-content\"><div class=\"elementor-image-box-title\">Intermodal Transport<\/div><p class=\"elementor-image-box-description\">PCC Intermodal S.A.<\/p><\/div><\/div>\t\t\t\t<\/div>\n\t\t\t\t<\/div>\n\t\t\t\t<div class=\"elementor-element elementor-element-e8b644c elementor-widget elementor-widget-button\" data-id=\"e8b644c\" data-element_type=\"widget\" data-e-type=\"widget\" data-widget_type=\"button.default\">\n\t\t\t\t<div class=\"elementor-widget-container\">\n\t\t\t\t\t\t\t\t\t<div class=\"elementor-button-wrapper\">\n\t\t\t\t\t<a class=\"elementor-button elementor-button-link elementor-size-sm\" href=\"https:\/\/pcc.eu\/en\/products-and-applications\/logistics\/intermodal-transport\/\">\n\t\t\t\t\t\t<span class=\"elementor-button-content-wrapper\">\n\t\t\t\t\t\t\t\t\t<span class=\"elementor-button-text\">Read more<\/span>\n\t\t\t\t\t<\/span>\n\t\t\t\t\t<\/a>\n\t\t\t\t<\/div>\n\t\t\t\t\t\t\t\t<\/div>\n\t\t\t\t<\/div>\n\t\t\t\t<\/div>\n\t\t<div class=\"elementor-element elementor-element-9daea56 e-con-full e-flex e-con e-child\" data-id=\"9daea56\" data-element_type=\"container\" data-e-type=\"container\" data-settings=\"{&quot;background_background&quot;:&quot;classic&quot;}\">\n\t\t\t\t<div class=\"elementor-element elementor-element-1cdbda7 dce_masking-none elementor-position-top elementor-widget elementor-widget-image-box\" data-id=\"1cdbda7\" data-element_type=\"widget\" data-e-type=\"widget\" data-widget_type=\"image-box.default\">\n\t\t\t\t<div class=\"elementor-widget-container\">\n\t\t\t\t\t<div class=\"elementor-image-box-wrapper\"><figure class=\"elementor-image-box-img\"><img loading=\"lazy\" decoding=\"async\" width=\"768\" height=\"512\" src=\"https:\/\/pcc.eu\/wp-content\/uploads\/investitionen\/PCC-Investitionen-Header-Tanklager-01-768x512.jpg\" class=\"attachment-medium_large size-medium_large wp-image-4570\" alt=\"Industrielle Anlage mit gro\u00dfen zylindrischen Lagertanks und einem Tanklastwagen im Vordergrund. Die gl\u00e4nzenden Metalltanks sind \u00fcber Rohrleitungen und Laufstege miteinander verbunden. Rechts befindet sich eine Struktur mit Treppen und Plattformen. Der Himmel ist klar mit einigen sichtbaren Wolken.\" srcset=\"https:\/\/pcc.eu\/wp-content\/uploads\/investitionen\/PCC-Investitionen-Header-Tanklager-01-768x512.jpg 768w, https:\/\/pcc.eu\/wp-content\/uploads\/investitionen\/PCC-Investitionen-Header-Tanklager-01-300x200.jpg 300w, https:\/\/pcc.eu\/wp-content\/uploads\/investitionen\/PCC-Investitionen-Header-Tanklager-01-1024x683.jpg 1024w, https:\/\/pcc.eu\/wp-content\/uploads\/investitionen\/PCC-Investitionen-Header-Tanklager-01-1536x1024.jpg 1536w, https:\/\/pcc.eu\/wp-content\/uploads\/investitionen\/PCC-Investitionen-Header-Tanklager-01-2048x1366.jpg 2048w\" sizes=\"auto, (max-width: 768px) 100vw, 768px\" \/><\/figure><div class=\"elementor-image-box-content\"><div class=\"elementor-image-box-title\">Road Haulage<\/div><p class=\"elementor-image-box-description\">PCC Autochem Sp. z o.o. <\/p><\/div><\/div>\t\t\t\t<\/div>\n\t\t\t\t<\/div>\n\t\t\t\t<div class=\"elementor-element elementor-element-4c9c29e elementor-widget elementor-widget-button\" data-id=\"4c9c29e\" data-element_type=\"widget\" data-e-type=\"widget\" data-widget_type=\"button.default\">\n\t\t\t\t<div class=\"elementor-widget-container\">\n\t\t\t\t\t\t\t\t\t<div class=\"elementor-button-wrapper\">\n\t\t\t\t\t<a class=\"elementor-button elementor-button-link elementor-size-sm\" href=\"https:\/\/pcc.eu\/en\/products-and-applications\/logistics\/road-haulage\/\">\n\t\t\t\t\t\t<span class=\"elementor-button-content-wrapper\">\n\t\t\t\t\t\t\t\t\t<span class=\"elementor-button-text\">Read more<\/span>\n\t\t\t\t\t<\/span>\n\t\t\t\t\t<\/a>\n\t\t\t\t<\/div>\n\t\t\t\t\t\t\t\t<\/div>\n\t\t\t\t<\/div>\n\t\t\t\t<\/div>\n\t\t\t\t\t<\/div>\n\t\t\t\t<\/div>\n\t\t<div class=\"elementor-element elementor-element-1a40530 e-flex e-con-boxed e-con e-parent\" data-id=\"1a40530\" data-element_type=\"container\" data-e-type=\"container\">\n\t\t\t\t\t<div class=\"e-con-inner\">\n\t\t<div class=\"elementor-element elementor-element-5db42ee e-con-full e-flex e-con e-child\" data-id=\"5db42ee\" data-element_type=\"container\" data-e-type=\"container\" data-settings=\"{&quot;background_background&quot;:&quot;classic&quot;}\">\n\t\t\t\t<div class=\"elementor-element elementor-element-1b99ccc elementor-widget elementor-widget-text-editor\" data-id=\"1b99ccc\" data-element_type=\"widget\" data-e-type=\"widget\" data-widget_type=\"text-editor.default\">\n\t\t\t\t<div class=\"elementor-widget-container\">\n\t\t\t\t\t\t\t\t\t<p>Investments in the Logistics division<\/p>\n\t\t\t\t\t\t\t\t<\/div>\n\t\t\t\t<\/div>\n\t\t\t\t<div class=\"elementor-element elementor-element-aba2e34 elementor-widget elementor-widget-text-editor\" data-id=\"aba2e34\" data-element_type=\"widget\" data-e-type=\"widget\" data-widget_type=\"text-editor.default\">\n\t\t\t\t<div class=\"elementor-widget-container\">\n\t\t\t\t\t\t\t\t\t<p>The focus of our capital expenditure projects in the Logistics division is primarily on expansion of the PCC container terminals in Frankfurt (Oder), Kutno, Gliwice und Brzeg Dolny. With advanced PCC container terminals serving as essential hubs, our aim is to establish an efficient and high-capacity logistics network of intermodal connections from the Benelux countries in the west to Eastern Europe and from the Baltic Sea in the north to the Adriatic coast in the south. <\/p>\n\t\t\t\t\t\t\t\t<\/div>\n\t\t\t\t<\/div>\n\t\t\t\t<div class=\"elementor-element elementor-element-a8950d5 elementor-widget elementor-widget-button\" data-id=\"a8950d5\" data-element_type=\"widget\" data-e-type=\"widget\" data-widget_type=\"button.default\">\n\t\t\t\t<div class=\"elementor-widget-container\">\n\t\t\t\t\t\t\t\t\t<div class=\"elementor-button-wrapper\">\n\t\t\t\t\t<a class=\"elementor-button elementor-button-link elementor-size-sm\" href=\"https:\/\/pcc.eu\/en\/investments\/\">\n\t\t\t\t\t\t<span class=\"elementor-button-content-wrapper\">\n\t\t\t\t\t\t\t\t\t<span class=\"elementor-button-text\">Read more<\/span>\n\t\t\t\t\t<\/span>\n\t\t\t\t\t<\/a>\n\t\t\t\t<\/div>\n\t\t\t\t\t\t\t\t<\/div>\n\t\t\t\t<\/div>\n\t\t\t\t<\/div>\n\t\t<div data-dce-background-image-url=\"https:\/\/pcc.eu\/wp-content\/uploads\/investitionen\/logistik\/pcc-terminal-brzeg-dolny.jpg\" class=\"elementor-element elementor-element-152ba2a e-con-full e-flex e-con e-child\" data-id=\"152ba2a\" data-element_type=\"container\" data-e-type=\"container\" data-settings=\"{&quot;background_background&quot;:&quot;classic&quot;}\">\n\t\t\t\t<\/div>\n\t\t\t\t\t<\/div>\n\t\t\t\t<\/div>\n\t\t\t\t<\/div>\n\t\t","protected":false},"excerpt":{"rendered":"<p>Logistics Safe, reliable and flexible on road and rail The main revenue generator of our Logistics division is PCC Intermodal S.A.. This counts among Poland\u2019s leading providers of combined road and rail container transport services and operates five container terminals; a sixth is at the planning stage. The segment also encompasses the Polish company PCC [&hellip;]<\/p>\n","protected":false},"author":2,"featured_media":9571,"parent":6008,"menu_order":5,"comment_status":"closed","ping_status":"closed","template":"","meta":{"_acf_changed":false,"footnotes":""},"class_list":["post-6082","page","type-page","status-publish","has-post-thumbnail","hentry"],"acf":[],"_links":{"self":[{"href":"https:\/\/pcc.eu\/en\/wp-json\/wp\/v2\/pages\/6082","targetHints":{"allow":["GET"]}}],"collection":[{"href":"https:\/\/pcc.eu\/en\/wp-json\/wp\/v2\/pages"}],"about":[{"href":"https:\/\/pcc.eu\/en\/wp-json\/wp\/v2\/types\/page"}],"author":[{"embeddable":true,"href":"https:\/\/pcc.eu\/en\/wp-json\/wp\/v2\/users\/2"}],"replies":[{"embeddable":true,"href":"https:\/\/pcc.eu\/en\/wp-json\/wp\/v2\/comments?post=6082"}],"version-history":[{"count":2,"href":"https:\/\/pcc.eu\/en\/wp-json\/wp\/v2\/pages\/6082\/revisions"}],"predecessor-version":[{"id":9088,"href":"https:\/\/pcc.eu\/en\/wp-json\/wp\/v2\/pages\/6082\/revisions\/9088"}],"up":[{"embeddable":true,"href":"https:\/\/pcc.eu\/en\/wp-json\/wp\/v2\/pages\/6008"}],"wp:featuredmedia":[{"embeddable":true,"href":"https:\/\/pcc.eu\/en\/wp-json\/wp\/v2\/media\/9571"}],"wp:attachment":[{"href":"https:\/\/pcc.eu\/en\/wp-json\/wp\/v2\/media?parent=6082"}],"curies":[{"name":"wp","href":"https:\/\/api.w.org\/{rel}","templated":true}]}}