{"id":6065,"date":"2024-11-21T12:54:44","date_gmt":"2024-11-21T12:54:44","guid":{"rendered":"https:\/\/pcc.vx-dev.de\/products-and-applications\/trade-services\/"},"modified":"2024-12-09T21:13:04","modified_gmt":"2024-12-09T21:13:04","slug":"trade-services","status":"publish","type":"page","link":"https:\/\/pcc.eu\/en\/products-and-applications\/trade-services\/","title":{"rendered":"Trade &amp; Services"},"content":{"rendered":"\t\t<div data-elementor-type=\"wp-page\" data-elementor-id=\"6065\" class=\"elementor elementor-6065 elementor-1582\" data-elementor-post-type=\"page\">\n\t\t\t\t<div class=\"elementor-element elementor-element-55bee43 e-con-full e-flex e-con e-child\" data-id=\"55bee43\" data-element_type=\"container\" data-e-type=\"container\">\n\t\t\t\t<div class=\"elementor-element elementor-element-6efb5bd elementor-widget elementor-widget-heading\" data-id=\"6efb5bd\" data-element_type=\"widget\" data-e-type=\"widget\" data-widget_type=\"heading.default\">\n\t\t\t\t<div class=\"elementor-widget-container\">\n\t\t\t\t\t<h1 class=\"elementor-heading-title elementor-size-default\">Trade &amp; Services<\/h1>\t\t\t\t<\/div>\n\t\t\t\t<\/div>\n\t\t\t\t<div class=\"elementor-element elementor-element-b1e1be1 elementor-widget elementor-widget-text-editor\" data-id=\"b1e1be1\" data-element_type=\"widget\" data-e-type=\"widget\" data-widget_type=\"text-editor.default\">\n\t\t\t\t<div class=\"elementor-widget-container\">\n\t\t\t\t\t\t\t\t\t<p>More than three decades of experience in commodity trading<\/p>\n\t\t\t\t\t\t\t\t<\/div>\n\t\t\t\t<\/div>\n\t\t\t\t<div class=\"elementor-element elementor-element-e924a06 elementor-widget elementor-widget-text-editor\" data-id=\"e924a06\" data-element_type=\"widget\" data-e-type=\"widget\" data-widget_type=\"text-editor.default\">\n\t\t\t\t<div class=\"elementor-widget-container\">\n\t\t\t\t\t\t\t\t\tThe Trade &amp; Services segment includes the two business areas of raw materials trading and services. The PCC Group has more than three decades of expertise in trading in petro- and carbon-based raw materials. Our logistics system, which also includes our own port terminal in Kaliningrad, ensures the smooth processing of our deliveries from the factory to the end consumer. The trading portfolio of PCC Trade &amp; Services GmbH includes solid fuels such as coke breeze, small coke and anthracite in small grain sizes as well as chemical raw materials, especially by-products from coking plants such as raw tar, raw and pure benzene. The segment\u2019s largest group company is PCC Trade &amp; Services GmbH, the original founding company of the PCC Group.    <br><\/br>\n\n<a href=\"https:\/\/www.pcc-trade-services.eu\/?lang=en\" target=\"_blank\">Find out more about the commodity trading activities of the PCC Group on the website of PCC Trade &amp; Services GmbH &gt;&gt;<\/a>\t\t\t\t\t\t\t\t<\/div>\n\t\t\t\t<\/div>\n\t\t\t\t<\/div>\n\t\t<div class=\"elementor-element elementor-element-4dc6078 e-flex e-con-boxed e-con e-parent\" data-id=\"4dc6078\" data-element_type=\"container\" data-e-type=\"container\">\n\t\t\t\t\t<div class=\"e-con-inner\">\n\t\t<div class=\"elementor-element elementor-element-0e13174 e-con-full e-flex e-con e-child\" data-id=\"0e13174\" data-element_type=\"container\" data-e-type=\"container\">\n\t\t\t\t<div class=\"elementor-element elementor-element-4885ee4 elementor-widget elementor-widget-heading\" data-id=\"4885ee4\" data-element_type=\"widget\" data-e-type=\"widget\" data-widget_type=\"heading.default\">\n\t\t\t\t<div class=\"elementor-widget-container\">\n\t\t\t\t\t<h2 class=\"elementor-heading-title elementor-size-default\">Conventional energies<\/h2>\t\t\t\t<\/div>\n\t\t\t\t<\/div>\n\t\t\t\t<\/div>\n\t\t<div class=\"elementor-element elementor-element-a21e0f5 e-con-full e-flex e-con e-child\" data-id=\"a21e0f5\" data-element_type=\"container\" data-e-type=\"container\" data-settings=\"{&quot;background_background&quot;:&quot;classic&quot;}\">\n\t\t\t\t<div class=\"elementor-element elementor-element-0e73acd elementor-widget elementor-widget-text-editor\" data-id=\"0e73acd\" data-element_type=\"widget\" data-e-type=\"widget\" data-widget_type=\"text-editor.default\">\n\t\t\t\t<div class=\"elementor-widget-container\">\n\t\t\t\t\t\t\t\t\t<p>One of the services we provide in this segment is our conventional energy business, which primarily supplies electricity to our own factories in Poland. This includes the corresponding business unit of PCC Rokita SA, i.e. its Energy business unit, and PCC Energetyka Blachownia Sp. z o.o. at the K\u0119dzierzyn-Ko\u017ale site. The former operates the EC-3 combined heat and power plant, a modern combined heat and power plant, at our most important production site in Brzeg Dolny, Lower Silesia. On the one hand, it supplies our production facilities there with electricity and process steam. On the other hand, this power plant supplies large parts of the nearby small town of Brzeg Dolny with environmentally friendly heat.    <\/p>\n\t\t\t\t\t\t\t\t<\/div>\n\t\t\t\t<\/div>\n\t\t\t\t<\/div>\n\t\t<div data-dce-background-image-url=\"https:\/\/pcc.eu\/wp-content\/uploads\/produkte-anwendungen\/pcc-handel-und-service-energie.jpg\" class=\"elementor-element elementor-element-6297430 e-con-full e-flex e-con e-child\" data-id=\"6297430\" data-element_type=\"container\" data-e-type=\"container\" data-settings=\"{&quot;background_background&quot;:&quot;classic&quot;}\">\n\t\t\t\t<\/div>\n\t\t\t\t\t<\/div>\n\t\t\t\t<\/div>\n\t\t<div class=\"elementor-element elementor-element-d4761f5 e-flex e-con-boxed e-con e-parent\" data-id=\"d4761f5\" data-element_type=\"container\" data-e-type=\"container\">\n\t\t\t\t\t<div class=\"e-con-inner\">\n\t\t\t\t<div class=\"elementor-element elementor-element-4549154 elementor-widget elementor-widget-heading\" data-id=\"4549154\" data-element_type=\"widget\" data-e-type=\"widget\" data-widget_type=\"heading.default\">\n\t\t\t\t<div class=\"elementor-widget-container\">\n\t\t\t\t\t<h2 class=\"elementor-heading-title elementor-size-default\">Services<\/h2>\t\t\t\t<\/div>\n\t\t\t\t<\/div>\n\t\t\t\t<div class=\"elementor-element elementor-element-94111d0 elementor-widget elementor-widget-text-editor\" data-id=\"94111d0\" data-element_type=\"widget\" data-e-type=\"widget\" data-widget_type=\"text-editor.default\">\n\t\t\t\t<div class=\"elementor-widget-container\">\n\t\t\t\t\t\t\t\t\t<p>The group services provided by the segment include services in the areas of information technology and environmental protection. This is how PCC IT S.A. IT services from our Brzeg Dolny chemical site to internal and external customers \u2013 an example of how we use synergies to generate added value. In addition to our conventional power plants, the following holdings are managed in the Services business segment: PCC IT S.A., PCC Apakor Sp. z o.o., LabMatic Sp. z o.o. and Ekologistyka Sp. z o.o., each based in Brzeg Dolny in Lower Silesia.     <\/p>\n\t\t\t\t\t\t\t\t<\/div>\n\t\t\t\t<\/div>\n\t\t\t\t\t<\/div>\n\t\t\t\t<\/div>\n\t\t<div class=\"elementor-element elementor-element-46c1d57 e-con-full e-flex e-con e-child\" data-id=\"46c1d57\" data-element_type=\"container\" data-e-type=\"container\">\n\t\t\t\t<div class=\"elementor-element elementor-element-6ae7433 elementor-widget elementor-widget-n-accordion\" data-id=\"6ae7433\" data-element_type=\"widget\" data-e-type=\"widget\" data-settings=\"{&quot;default_state&quot;:&quot;all_collapsed&quot;,&quot;max_items_expended&quot;:&quot;one&quot;,&quot;n_accordion_animation_duration&quot;:{&quot;unit&quot;:&quot;ms&quot;,&quot;size&quot;:400,&quot;sizes&quot;:[]}}\" data-widget_type=\"nested-accordion.default\">\n\t\t\t\t<div class=\"elementor-widget-container\">\n\t\t\t\t\t\t\t<div class=\"e-n-accordion\" aria-label=\"Accordion. Open links with Enter or Space, close with Escape, and navigate with Arrow Keys\">\n\t\t\t\t\t\t<details id=\"e-n-accordion-item-1120\" class=\"e-n-accordion-item\" >\n\t\t\t\t<summary class=\"e-n-accordion-item-title\" data-accordion-index=\"1\" tabindex=\"0\" aria-expanded=\"false\" aria-controls=\"e-n-accordion-item-1120\" >\n\t\t\t\t\t<span class='e-n-accordion-item-title-header'><div class=\"e-n-accordion-item-title-text\">  Our sites \/ Contact details <\/div><\/span>\n\t\t\t\t\t\t\t<span class='e-n-accordion-item-title-icon'>\n\t\t\t<span class='e-opened' ><svg aria-hidden=\"true\" class=\"e-font-icon-svg e-fas-minus\" viewBox=\"0 0 448 512\" xmlns=\"http:\/\/www.w3.org\/2000\/svg\"><path d=\"M416 208H32c-17.67 0-32 14.33-32 32v32c0 17.67 14.33 32 32 32h384c17.67 0 32-14.33 32-32v-32c0-17.67-14.33-32-32-32z\"><\/path><\/svg><\/span>\n\t\t\t<span class='e-closed'><svg aria-hidden=\"true\" class=\"e-font-icon-svg e-fas-plus\" viewBox=\"0 0 448 512\" xmlns=\"http:\/\/www.w3.org\/2000\/svg\"><path d=\"M416 208H272V64c0-17.67-14.33-32-32-32h-32c-17.67 0-32 14.33-32 32v144H32c-17.67 0-32 14.33-32 32v32c0 17.67 14.33 32 32 32h144v144c0 17.67 14.33 32 32 32h32c17.67 0 32-14.33 32-32V304h144c17.67 0 32-14.33 32-32v-32c0-17.67-14.33-32-32-32z\"><\/path><\/svg><\/span>\n\t\t<\/span>\n\n\t\t\t\t\t\t<\/summary>\n\t\t\t\t<div role=\"region\" aria-labelledby=\"e-n-accordion-item-1120\" class=\"elementor-element elementor-element-6fd5429 e-flex e-con-boxed e-con e-child\" data-id=\"6fd5429\" data-element_type=\"container\" data-e-type=\"container\">\n\t\t\t\t\t<div class=\"e-con-inner\">\n\t\t\t\t<div class=\"elementor-element elementor-element-6dff4b9 e-n-tabs-mobile elementor-widget elementor-widget-n-tabs\" data-id=\"6dff4b9\" data-element_type=\"widget\" data-e-type=\"widget\" data-settings=\"{&quot;tabs_justify_horizontal&quot;:&quot;start&quot;,&quot;horizontal_scroll&quot;:&quot;disable&quot;}\" data-widget_type=\"nested-tabs.default\">\n\t\t\t\t<div class=\"elementor-widget-container\">\n\t\t\t\t\t\t\t<div class=\"e-n-tabs\" data-widget-number=\"115340473\" aria-label=\"Tabs. Open items with Enter or Space, close with Escape and navigate using the Arrow keys.\">\n\t\t\t<div class=\"e-n-tabs-heading\" role=\"tablist\">\n\t\t\t\t\t<button id=\"e-n-tab-title-1153404731\" data-tab-title-id=\"e-n-tab-title-1153404731\" class=\"e-n-tab-title\" aria-selected=\"true\" data-tab-index=\"1\" role=\"tab\" tabindex=\"0\" aria-controls=\"e-n-tab-content-1153404731\" style=\"--n-tabs-title-order: 1;\">\n\t\t\t\t\t\t<span class=\"e-n-tab-title-text\">\n\t\t\t\tPCC Trade &amp; Services GmbH\t\t\t<\/span>\n\t\t<\/button>\n\t\t\t\t<button id=\"e-n-tab-title-1153404732\" data-tab-title-id=\"e-n-tab-title-1153404732\" class=\"e-n-tab-title\" aria-selected=\"false\" data-tab-index=\"2\" role=\"tab\" tabindex=\"-1\" aria-controls=\"e-n-tab-content-1153404732\" style=\"--n-tabs-title-order: 2;\">\n\t\t\t\t\t\t<span class=\"e-n-tab-title-text\">\n\t\t\t\tAO Novobalt Terminal\t\t\t<\/span>\n\t\t<\/button>\n\t\t\t\t<button id=\"e-n-tab-title-1153404733\" data-tab-title-id=\"e-n-tab-title-1153404733\" class=\"e-n-tab-title\" aria-selected=\"false\" data-tab-index=\"3\" role=\"tab\" tabindex=\"-1\" aria-controls=\"e-n-tab-content-1153404733\" style=\"--n-tabs-title-order: 3;\">\n\t\t\t\t\t\t<span class=\"e-n-tab-title-text\">\n\t\t\t\tPCC Morava-Chem s.r.o.\t\t\t<\/span>\n\t\t<\/button>\n\t\t\t\t\t<\/div>\n\t\t\t<div class=\"e-n-tabs-content\">\n\t\t\t\t<div role=\"region tabpanel\" aria-labelledby=\"e-n-accordion-item-1120 e-n-tab-title-1153404731\" id=\"e-n-tab-content-1153404731\" data-tab-index=\"1\" style=\"--n-tabs-title-order: 1;\" class=\"e-active elementor-element elementor-element-b3f4936 e-con-full e-flex e-con e-child\" data-id=\"b3f4936\" data-element_type=\"container\" data-e-type=\"container\">\n\t\t\t\t<div class=\"elementor-element elementor-element-5788751 elementor-widget elementor-widget-text-editor\" data-id=\"5788751\" data-element_type=\"widget\" data-e-type=\"widget\" data-widget_type=\"text-editor.default\">\n\t\t\t\t<div class=\"elementor-widget-container\">\n\t\t\t\t\t\t\t\t\t<p><strong>Commodities Trading business unit<\/strong><\/p>\n\t\t\t\t\t\t\t\t<\/div>\n\t\t\t\t<\/div>\n\t\t\t\t<div class=\"elementor-element elementor-element-61fcf2f elementor-widget elementor-widget-standort_widget\" data-id=\"61fcf2f\" data-element_type=\"widget\" data-e-type=\"widget\" data-widget_type=\"standort_widget.default\">\n\t\t\t\t<div class=\"elementor-widget-container\">\n\t\t\t\t\t<div class=\"standort-content\"><div class=\"standort-address\"><strong>PCC Trade &amp; Services GmbH<\/strong><br><br>Moerser Stra\u00dfe 149<br>47198 Duisburg<br><br><\/div><div class=\"standort-contact\">Telefon: +49 (0)2066 2019 0<br>Fax: +49 (0)2066 54682<br>E-Mail: <a href=\"mailto:trade@pcc.eu\">trade@pcc.eu<\/a><br><\/div><div class=\"standort-website\"><a href=\"https:\/\/www.pcc-trade-services.eu\" target=\"_blank\">https:\/\/www.pcc-trade-services.eu<\/a><br><\/div><\/div>\t\t\t\t<\/div>\n\t\t\t\t<\/div>\n\t\t\t\t<\/div>\n\t\t<div role=\"region tabpanel\" aria-labelledby=\"e-n-accordion-item-1120 e-n-tab-title-1153404732\" id=\"e-n-tab-content-1153404732\" data-tab-index=\"2\" style=\"--n-tabs-title-order: 2;\" class=\" elementor-element elementor-element-2ff1959 e-con-full e-flex e-con e-child\" data-id=\"2ff1959\" data-element_type=\"container\" data-e-type=\"container\">\n\t\t\t\t<div class=\"elementor-element elementor-element-9b9141c elementor-widget elementor-widget-text-editor\" data-id=\"9b9141c\" data-element_type=\"widget\" data-e-type=\"widget\" data-widget_type=\"text-editor.default\">\n\t\t\t\t<div class=\"elementor-widget-container\">\n\t\t\t\t\t\t\t\t\t<p><strong>Commodities Trading business unit<\/strong><\/p>\n\t\t\t\t\t\t\t\t<\/div>\n\t\t\t\t<\/div>\n\t\t\t\t<div class=\"elementor-element elementor-element-177e837 elementor-widget elementor-widget-standort_widget\" data-id=\"177e837\" data-element_type=\"widget\" data-e-type=\"widget\" data-widget_type=\"standort_widget.default\">\n\t\t\t\t<div class=\"elementor-widget-container\">\n\t\t\t\t\t<div class=\"standort-content\"><div class=\"standort-address\"><strong>AO Novobalt Terminal<\/strong><br><br>ul. Portvaja 36<br>236039 Kaliningrad<br><br><\/div><div class=\"standort-contact\">Telefon: +7 4012 63 18 28<br>Fax: +7 4012 63 18 06<br>E-Mail: <a href=\"mailto:pcc@keepertelecom.ru\">pcc@keepertelecom.ru<\/a><br><\/div><\/div>\t\t\t\t<\/div>\n\t\t\t\t<\/div>\n\t\t\t\t<\/div>\n\t\t<div role=\"region tabpanel\" aria-labelledby=\"e-n-accordion-item-1120 e-n-tab-title-1153404733\" id=\"e-n-tab-content-1153404733\" data-tab-index=\"3\" style=\"--n-tabs-title-order: 3;\" class=\" elementor-element elementor-element-1a4beb5 e-con-full e-flex e-con e-child\" data-id=\"1a4beb5\" data-element_type=\"container\" data-e-type=\"container\">\n\t\t\t\t<div class=\"elementor-element elementor-element-3759f36 elementor-widget elementor-widget-text-editor\" data-id=\"3759f36\" data-element_type=\"widget\" data-e-type=\"widget\" data-widget_type=\"text-editor.default\">\n\t\t\t\t<div class=\"elementor-widget-container\">\n\t\t\t\t\t\t\t\t\t<p><strong>Commodities Trading business unit<\/strong><\/p>\n\t\t\t\t\t\t\t\t<\/div>\n\t\t\t\t<\/div>\n\t\t\t\t<div class=\"elementor-element elementor-element-4f3a89f elementor-widget elementor-widget-standort_widget\" data-id=\"4f3a89f\" data-element_type=\"widget\" data-e-type=\"widget\" data-widget_type=\"standort_widget.default\">\n\t\t\t\t<div class=\"elementor-widget-container\">\n\t\t\t\t\t<div class=\"standort-content\"><div class=\"standort-address\"><strong>PCC Morava-Chem s.r.o.<\/strong><br><br>Leo\u0161e Jan\u00e1\u010dka 798\/20<br>737 01 \u010cesk\u00fd T\u011b\u0161\u00edn<br><br><\/div><div class=\"standort-contact\">Telefon: +420 558 769 111<br>Fax: +420 558 769 114<br>E-Mail: <a href=\"mailto:c.tesin@pcc.eu\">c.tesin@pcc.eu<\/a><br><\/div><div class=\"standort-website\"><a href=\"http:\/\/www.pccmorava-chem.cz\" target=\"_blank\">www.pccmorava-chem.cz<\/a><br><\/div><\/div>\t\t\t\t<\/div>\n\t\t\t\t<\/div>\n\t\t\t\t<\/div>\n\t\t\t\t\t<\/div>\n\t\t<\/div>\n\t\t\t\t\t\t<\/div>\n\t\t\t\t<\/div>\n\t\t\t\t\t<\/div>\n\t\t\t\t<\/div>\n\t\t\t\t\t<\/details>\n\t\t\t\t\t<\/div>\n\t\t\t\t\t\t<\/div>\n\t\t\t\t<\/div>\n\t\t\t\t<\/div>\n\t\t\t\t<\/div>\n\t\t","protected":false},"excerpt":{"rendered":"<p>Trade &amp; Services More than three decades of experience in commodity trading The Trade &amp; Services segment includes the two business areas of raw materials trading and services. The PCC Group has more than three decades of expertise in trading in petro- and carbon-based raw materials. Our logistics system, which also includes our own port [&hellip;]<\/p>\n","protected":false},"author":2,"featured_media":4593,"parent":6008,"menu_order":4,"comment_status":"closed","ping_status":"closed","template":"","meta":{"_acf_changed":false,"footnotes":""},"class_list":["post-6065","page","type-page","status-publish","has-post-thumbnail","hentry"],"acf":[],"_links":{"self":[{"href":"https:\/\/pcc.eu\/en\/wp-json\/wp\/v2\/pages\/6065","targetHints":{"allow":["GET"]}}],"collection":[{"href":"https:\/\/pcc.eu\/en\/wp-json\/wp\/v2\/pages"}],"about":[{"href":"https:\/\/pcc.eu\/en\/wp-json\/wp\/v2\/types\/page"}],"author":[{"embeddable":true,"href":"https:\/\/pcc.eu\/en\/wp-json\/wp\/v2\/users\/2"}],"replies":[{"embeddable":true,"href":"https:\/\/pcc.eu\/en\/wp-json\/wp\/v2\/comments?post=6065"}],"version-history":[{"count":2,"href":"https:\/\/pcc.eu\/en\/wp-json\/wp\/v2\/pages\/6065\/revisions"}],"predecessor-version":[{"id":8357,"href":"https:\/\/pcc.eu\/en\/wp-json\/wp\/v2\/pages\/6065\/revisions\/8357"}],"up":[{"embeddable":true,"href":"https:\/\/pcc.eu\/en\/wp-json\/wp\/v2\/pages\/6008"}],"wp:featuredmedia":[{"embeddable":true,"href":"https:\/\/pcc.eu\/en\/wp-json\/wp\/v2\/media\/4593"}],"wp:attachment":[{"href":"https:\/\/pcc.eu\/en\/wp-json\/wp\/v2\/media?parent=6065"}],"curies":[{"name":"wp","href":"https:\/\/api.w.org\/{rel}","templated":true}]}}