{"id":5995,"date":"2024-11-25T09:57:38","date_gmt":"2024-11-25T09:57:38","guid":{"rendered":"https:\/\/pcc.vx-dev.de\/company\/social-commitment\/"},"modified":"2026-03-30T14:27:51","modified_gmt":"2026-03-30T14:27:51","slug":"social-commitment","status":"publish","type":"page","link":"https:\/\/pcc.eu\/en\/company\/social-commitment\/","title":{"rendered":"Social commitment"},"content":{"rendered":"\t\t<div data-elementor-type=\"wp-page\" data-elementor-id=\"5995\" class=\"elementor elementor-5995 elementor-2304\" data-elementor-post-type=\"page\">\n\t\t\t\t<div class=\"elementor-element elementor-element-837b9f6 e-con-full e-flex e-con e-child\" data-id=\"837b9f6\" data-element_type=\"container\" data-e-type=\"container\">\n\t\t\t\t<div class=\"elementor-element elementor-element-3a866d4 elementor-widget elementor-widget-heading\" data-id=\"3a866d4\" data-element_type=\"widget\" data-e-type=\"widget\" data-widget_type=\"heading.default\">\n\t\t\t\t<div class=\"elementor-widget-container\">\n\t\t\t\t\t<h1 class=\"elementor-heading-title elementor-size-default\">Social commitment: local and international<\/h1>\t\t\t\t<\/div>\n\t\t\t\t<\/div>\n\t\t\t\t<div class=\"elementor-element elementor-element-c3b3c0f elementor-widget elementor-widget-text-editor\" data-id=\"c3b3c0f\" data-element_type=\"widget\" data-e-type=\"widget\" data-widget_type=\"text-editor.default\">\n\t\t\t\t<div class=\"elementor-widget-container\">\n\t\t\t\t\t\t\t\t\t<p><span style=\"font-weight: 600;\">We as PCC help where it is needed &#8211; for a better future<\/span><\/p><p>PCC has been committed to social and community issues for many years &#8211; both in the vicinity of our Group headquarters in Duisburg and internationally. Our affiliates also support social initiatives. For example, our US subsidiary PCC Chemax, Inc. in Piedmont, South Carolina, has been a partner of an aid facility for children with disabilities for many years. In total, the PCC Group supported 35 social projects as of the end of fiscal 2024.   <\/p>\t\t\t\t\t\t\t\t<\/div>\n\t\t\t\t<\/div>\n\t\t\t\t<\/div>\n\t\t<div class=\"elementor-element elementor-element-39aaa5d e-flex e-con-boxed e-con e-parent\" data-id=\"39aaa5d\" data-element_type=\"container\" data-e-type=\"container\">\n\t\t\t\t\t<div class=\"e-con-inner\">\n\t\t<div class=\"elementor-element elementor-element-df17af6 e-con-full e-flex e-con e-child\" data-id=\"df17af6\" data-element_type=\"container\" data-e-type=\"container\">\n\t\t\t\t<div class=\"elementor-element elementor-element-8582331 elementor-widget elementor-widget-heading\" data-id=\"8582331\" data-element_type=\"widget\" data-e-type=\"widget\" data-widget_type=\"heading.default\">\n\t\t\t\t<div class=\"elementor-widget-container\">\n\t\t\t\t\t<h2 class=\"elementor-heading-title elementor-size-default\">Initiatives at our Group headquarters in Duisburg<\/h2>\t\t\t\t<\/div>\n\t\t\t\t<\/div>\n\t\t\t\t<div class=\"elementor-element elementor-element-449373e dce_masking-none elementor-widget elementor-widget-image\" data-id=\"449373e\" data-element_type=\"widget\" data-e-type=\"widget\" data-widget_type=\"image.default\">\n\t\t\t\t<div class=\"elementor-widget-container\">\n\t\t\t\t\t\t\t\t\t\t\t\t\t\t\t<img loading=\"lazy\" decoding=\"async\" width=\"1000\" height=\"736\" src=\"https:\/\/pcc.eu\/wp-content\/uploads\/news\/scheckuebergabe_pcc_an_ggk-duisburg_rathaus_20022025.jpg\" class=\"attachment-full size-full wp-image-11040\" alt=\"Acht Personen stehen im Freien auf einem Gehweg, einige von ihnen halten einen gro\u00dfen symbolischen Scheck. Im Hintergrund steht ein wei\u00dfer Transporter mit der Aufschrift Gemeinsam gegen K\u00e4lte Duisburger e.V.\u2018.\" srcset=\"https:\/\/pcc.eu\/wp-content\/uploads\/news\/scheckuebergabe_pcc_an_ggk-duisburg_rathaus_20022025.jpg 1000w, https:\/\/pcc.eu\/wp-content\/uploads\/news\/scheckuebergabe_pcc_an_ggk-duisburg_rathaus_20022025-300x221.jpg 300w, https:\/\/pcc.eu\/wp-content\/uploads\/news\/scheckuebergabe_pcc_an_ggk-duisburg_rathaus_20022025-768x565.jpg 768w\" sizes=\"auto, (max-width: 1000px) 100vw, 1000px\" \/>\t\t\t\t\t\t\t\t\t\t\t\t\t\t\t<\/div>\n\t\t\t\t<\/div>\n\t\t\t\t<\/div>\n\t\t<div class=\"elementor-element elementor-element-e397038 e-con-full e-flex e-con e-child\" data-id=\"e397038\" data-element_type=\"container\" data-e-type=\"container\">\n\t\t\t\t<div class=\"elementor-element elementor-element-c2b70e5 elementor-widget elementor-widget-text-editor\" data-id=\"c2b70e5\" data-element_type=\"widget\" data-e-type=\"widget\" data-widget_type=\"text-editor.default\">\n\t\t\t\t<div class=\"elementor-widget-container\">\n\t\t\t\t\t\t\t\t\t<p>For several years now, we have been donating to the charity Gemeinsam gegen K\u00e4lte Duisburg e.V. For over two decades, the volunteers of this non-profit organization have been tirelessly supporting people in Duisburg who are homeless or at risk of homelessness. Find out more about our donations in <a href=\"https:\/\/pcc.eu\/en\/news\/pcc-donates-again-10000-euros-to-homeless-aid-organization-gemeinsam-gegen-kaelte-duisburg-e-v\/\">2025<\/a>, <a href=\"https:\/\/pcc.eu\/en\/news\/pcc-donates-another-10000-euros-to-local-homeless-charity-gemeinsam-gegen-kaelte-duisburg-e-v\/\">2024<\/a>, <a href=\"https:\/\/pcc.eu\/en\/news\/pcc-makes-further-winter-donation-of-10000-euros-to-local-homeless-charity-gemeinsam-gegen-kaelte-duisburg-e-v\/\">2023<\/a>, <a href=\"https:\/\/pcc.eu\/en\/news\/pcc-donates-10000-euros-again-to-the-association-gemeinsam-gegen-kaelte-duisburg-e-v\/\">2022<\/a>, <a href=\"https:\/\/pcc.eu\/en\/news\/pcc-donates-10000-euros-to-the-gemeinsam-gegen-kaelte-duisburg-e-v-organization\/\">2021<\/a>, <a href=\"https:\/\/pcc.eu\/en\/news\/pcc-supports-charity-verein-gemeinsam-gegen-kaelte-duisburg-e-v-in-its-work-to-help-the-homeless\/\">2020<\/a> and <a href=\"https:\/\/pcc.eu\/en\/news\/pcc-supports-verein-gemeinsam-gegen-kaelte-duisburg-e-v-in-its-work-helping-the-homeless\/\">2019<\/a> here. <\/p>\t\t\t\t\t\t\t\t<\/div>\n\t\t\t\t<\/div>\n\t\t\t\t<\/div>\n\t\t<div class=\"elementor-element elementor-element-8c0c42a e-con-full e-flex e-con e-child\" data-id=\"8c0c42a\" data-element_type=\"container\" data-e-type=\"container\">\n\t\t\t\t<div class=\"elementor-element elementor-element-47959d2 elementor-widget elementor-widget-text-editor\" data-id=\"47959d2\" data-element_type=\"widget\" data-e-type=\"widget\" data-widget_type=\"text-editor.default\">\n\t\t\t\t<div class=\"elementor-widget-container\">\n\t\t\t\t\t\t\t\t\tWe also made a <a href=\"https:\/\/pcc.eu\/news\/pcc-unterstuetzt-deutschen-kinderschutzbund-ov-duisburg-e-v-bei-hilfsprojekt-fuer-junge-muetter\/\">donation<\/a> to the Deutscher Kinderschutzbund OV Duisburg e.V. for its &#8220;PlusPunktDU&#8221; project. The aim of this project is to advise and support girls and young mothers from difficult social and family backgrounds in Duisburg on their path to training and work. \t\t\t\t\t\t\t\t<\/div>\n\t\t\t\t<\/div>\n\t\t\t\t<\/div>\n\t\t\t\t\t<\/div>\n\t\t\t\t<\/div>\n\t\t<div class=\"elementor-element elementor-element-66a395b e-flex e-con-boxed e-con e-parent\" data-id=\"66a395b\" data-element_type=\"container\" data-e-type=\"container\">\n\t\t\t\t\t<div class=\"e-con-inner\">\n\t\t\t\t<div class=\"elementor-element elementor-element-54f7f40 elementor-widget elementor-widget-heading\" data-id=\"54f7f40\" data-element_type=\"widget\" data-e-type=\"widget\" data-widget_type=\"heading.default\">\n\t\t\t\t<div class=\"elementor-widget-container\">\n\t\t\t\t\t<h3 class=\"elementor-heading-title elementor-size-default\">The PCC stadium at our home base\n<\/h3>\t\t\t\t<\/div>\n\t\t\t\t<\/div>\n\t\t\t\t<div class=\"elementor-element elementor-element-75d2136 dce_masking-none elementor-widget elementor-widget-image\" data-id=\"75d2136\" data-element_type=\"widget\" data-e-type=\"widget\" data-widget_type=\"image.default\">\n\t\t\t\t<div class=\"elementor-widget-container\">\n\t\t\t\t\t\t\t\t\t\t\t\t\t\t\t<img loading=\"lazy\" decoding=\"async\" width=\"2048\" height=\"1082\" src=\"https:\/\/pcc.eu\/wp-content\/uploads\/unternehmen\/pcc-stadion-in-duisburg-homberg-klein.jpg\" class=\"attachment-full size-full wp-image-4632\" alt=\"Luftaufnahme des PCC-Stadions mit gr\u00fcnem Spielfeld und Toren an beiden Enden. Das Stadion ist von B\u00e4umen umgeben und liegt in der N\u00e4he eines Gew\u00e4ssers. Auf drei Seiten befinden sich Trib\u00fcnen. Im Vordergrund ist ein Geb\u00e4ude mit Solarpaneelen auf dem Dach zu sehen.\" srcset=\"https:\/\/pcc.eu\/wp-content\/uploads\/unternehmen\/pcc-stadion-in-duisburg-homberg-klein.jpg 2048w, https:\/\/pcc.eu\/wp-content\/uploads\/unternehmen\/pcc-stadion-in-duisburg-homberg-klein-300x158.jpg 300w, https:\/\/pcc.eu\/wp-content\/uploads\/unternehmen\/pcc-stadion-in-duisburg-homberg-klein-768x406.jpg 768w, https:\/\/pcc.eu\/wp-content\/uploads\/unternehmen\/pcc-stadion-in-duisburg-homberg-klein-1024x541.jpg 1024w, https:\/\/pcc.eu\/wp-content\/uploads\/unternehmen\/pcc-stadion-in-duisburg-homberg-klein-1536x812.jpg 1536w\" sizes=\"auto, (max-width: 2048px) 100vw, 2048px\" \/>\t\t\t\t\t\t\t\t\t\t\t\t\t\t\t<\/div>\n\t\t\t\t<\/div>\n\t\t\t\t<div class=\"elementor-element elementor-element-d39eacd elementor-widget elementor-widget-text-editor\" data-id=\"d39eacd\" data-element_type=\"widget\" data-e-type=\"widget\" data-widget_type=\"text-editor.default\">\n\t\t\t\t<div class=\"elementor-widget-container\">\n\t\t\t\t\t\t\t\t\tVery close to our Group head office is the stadium of the top-division soccer club VfB Homberg e.V. Since 2003, we have been the namesake of the PCC Stadium in Duisburg-Homberg and the main sponsor of the soccer club. This underlines our commitment to our home town. \t\t\t\t\t\t\t\t<\/div>\n\t\t\t\t<\/div>\n\t\t\t\t\t<\/div>\n\t\t\t\t<\/div>\n\t\t<div class=\"elementor-element elementor-element-cb3f27e e-flex e-con-boxed e-con e-parent\" data-id=\"cb3f27e\" data-element_type=\"container\" data-e-type=\"container\">\n\t\t\t\t\t<div class=\"e-con-inner\">\n\t\t\t\t<div class=\"elementor-element elementor-element-b78b174 elementor-widget-divider--view-line elementor-widget elementor-widget-divider\" data-id=\"b78b174\" data-element_type=\"widget\" data-e-type=\"widget\" data-widget_type=\"divider.default\">\n\t\t\t\t<div class=\"elementor-widget-container\">\n\t\t\t\t\t\t\t<div class=\"elementor-divider\">\n\t\t\t<span class=\"elementor-divider-separator\">\n\t\t\t\t\t\t<\/span>\n\t\t<\/div>\n\t\t\t\t\t\t<\/div>\n\t\t\t\t<\/div>\n\t\t\t\t\t<\/div>\n\t\t\t\t<\/div>\n\t\t<div class=\"elementor-element elementor-element-de702fa e-flex e-con-boxed e-con e-parent\" data-id=\"de702fa\" data-element_type=\"container\" data-e-type=\"container\">\n\t\t\t\t\t<div class=\"e-con-inner\">\n\t\t\t\t<div class=\"elementor-element elementor-element-77d6768 elementor-widget elementor-widget-heading\" data-id=\"77d6768\" data-element_type=\"widget\" data-e-type=\"widget\" data-widget_type=\"heading.default\">\n\t\t\t\t<div class=\"elementor-widget-container\">\n\t\t\t\t\t<h4 class=\"elementor-heading-title elementor-size-default\">Our children's home in the Amani Orphans' Home children's village in Mbigili<\/h4>\t\t\t\t<\/div>\n\t\t\t\t<\/div>\n\t\t\t\t<div class=\"elementor-element elementor-element-7b3095a dce_masking-none elementor-widget elementor-widget-image\" data-id=\"7b3095a\" data-element_type=\"widget\" data-e-type=\"widget\" data-widget_type=\"image.default\">\n\t\t\t\t<div class=\"elementor-widget-container\">\n\t\t\t\t\t\t\t\t\t\t\t\t\t\t\t<img decoding=\"async\" width=\"830\" height=\"250\" src=\"https:\/\/pcc.eu\/wp-content\/uploads\/unternehmen\/pcc-soziales-engagement-kv-amani-kinderdorf.jpg\" class=\"attachment-full size-full wp-image-4633\" alt=\"\" loading=\"lazy\" srcset=\"https:\/\/pcc.eu\/wp-content\/uploads\/unternehmen\/pcc-soziales-engagement-kv-amani-kinderdorf.jpg 830w, https:\/\/pcc.eu\/wp-content\/uploads\/unternehmen\/pcc-soziales-engagement-kv-amani-kinderdorf-300x90.jpg 300w, https:\/\/pcc.eu\/wp-content\/uploads\/unternehmen\/pcc-soziales-engagement-kv-amani-kinderdorf-768x231.jpg 768w\" sizes=\"auto, (max-width: 830px) 100vw, 830px\" \/>\t\t\t\t\t\t\t\t\t\t\t\t\t\t\t<\/div>\n\t\t\t\t<\/div>\n\t\t\t\t\t<\/div>\n\t\t\t\t<\/div>\n\t\t<div class=\"elementor-element elementor-element-bb7c3fa e-flex e-con-boxed e-con e-parent\" data-id=\"bb7c3fa\" data-element_type=\"container\" data-e-type=\"container\">\n\t\t\t\t\t<div class=\"e-con-inner\">\n\t\t<div class=\"elementor-element elementor-element-2d12dbd e-con-full e-flex e-con e-child\" data-id=\"2d12dbd\" data-element_type=\"container\" data-e-type=\"container\">\n\t\t\t\t<div class=\"elementor-element elementor-element-5c44f4a elementor-widget elementor-widget-text-editor\" data-id=\"5c44f4a\" data-element_type=\"widget\" data-e-type=\"widget\" data-widget_type=\"text-editor.default\">\n\t\t\t\t<div class=\"elementor-widget-container\">\n\t\t\t\t\t\t\t\t\tSince 2007, PCC SE has been committed to the African aid project AOHM &#8211; <a href=\"https:\/\/www.mbigili.de\/\" target=\"_blank\">Amani Orphans&#8217; Home in Mbigili<\/a> in Tanzania. PCC is committed to helping those who urgently need our help. With the construction of a children&#8217;s home, which was completed in September 2008, we want to make our contribution to greater social responsibility.  \t\t\t\t\t\t\t\t<\/div>\n\t\t\t\t<\/div>\n\t\t\t\t<\/div>\n\t\t<div class=\"elementor-element elementor-element-8095f22 e-con-full e-flex e-con e-child\" data-id=\"8095f22\" data-element_type=\"container\" data-e-type=\"container\">\n\t\t\t\t<div class=\"elementor-element elementor-element-d7fbf0b elementor-widget elementor-widget-text-editor\" data-id=\"d7fbf0b\" data-element_type=\"widget\" data-e-type=\"widget\" data-widget_type=\"text-editor.default\">\n\t\t\t\t<div class=\"elementor-widget-container\">\n\t\t\t\t\t\t\t\t\t<p>The power supply for our children&#8217;s home &#8211; which incidentally bears the Swahili name &#8220;uhai&#8221;, meaning &#8220;life&#8221; &#8211; was ensured here by installing our own solar system. We also award study scholarships to pave the way for a better future. <\/p>\t\t\t\t\t\t\t\t<\/div>\n\t\t\t\t<\/div>\n\t\t\t\t<\/div>\n\t\t\t\t\t<\/div>\n\t\t\t\t<\/div>\n\t\t<div class=\"elementor-element elementor-element-790059a e-flex e-con-boxed e-con e-parent\" data-id=\"790059a\" data-element_type=\"container\" data-e-type=\"container\">\n\t\t\t\t\t<div class=\"e-con-inner\">\n\t\t\t\t<div class=\"elementor-element elementor-element-6b6499a elementor-pagination-position-outside elementor-widget elementor-widget-image-carousel\" data-id=\"6b6499a\" data-element_type=\"widget\" data-e-type=\"widget\" data-settings=\"{&quot;navigation&quot;:&quot;dots&quot;,&quot;image_spacing_custom&quot;:{&quot;unit&quot;:&quot;px&quot;,&quot;size&quot;:16,&quot;sizes&quot;:[]},&quot;autoplay&quot;:&quot;yes&quot;,&quot;pause_on_hover&quot;:&quot;yes&quot;,&quot;pause_on_interaction&quot;:&quot;yes&quot;,&quot;autoplay_speed&quot;:5000,&quot;infinite&quot;:&quot;yes&quot;,&quot;speed&quot;:500,&quot;image_spacing_custom_tablet&quot;:{&quot;unit&quot;:&quot;px&quot;,&quot;size&quot;:&quot;&quot;,&quot;sizes&quot;:[]},&quot;image_spacing_custom_mobile&quot;:{&quot;unit&quot;:&quot;px&quot;,&quot;size&quot;:&quot;&quot;,&quot;sizes&quot;:[]}}\" data-widget_type=\"image-carousel.default\">\n\t\t\t\t<div class=\"elementor-widget-container\">\n\t\t\t\t\t\t\t<div class=\"elementor-image-carousel-wrapper swiper\" role=\"region\" aria-roledescription=\"carousel\" aria-label=\"Bild Karussell\" dir=\"ltr\">\n\t\t\t<div class=\"elementor-image-carousel swiper-wrapper\" aria-live=\"off\">\n\t\t\t\t\t\t\t\t<div class=\"swiper-slide\" role=\"group\" aria-roledescription=\"slide\" aria-label=\"1 of 5\"><a data-elementor-open-lightbox=\"yes\" data-elementor-lightbox-slideshow=\"6b6499a\" data-elementor-lightbox-title=\"PCC-Soziales-Engagement-amani-orphans-home-1\" data-e-action-hash=\"#elementor-action%3Aaction%3Dlightbox%26settings%3DeyJpZCI6NDYzNCwidXJsIjoiaHR0cHM6XC9cL3BjYy5ldVwvd3AtY29udGVudFwvdXBsb2Fkc1wvdW50ZXJuZWhtZW5cL3BjYy1zb3ppYWxlcy1lbmdhZ2VtZW50LWFtYW5pLW9ycGhhbnMtaG9tZS0xLmpwZyIsInNsaWRlc2hvdyI6IjZiNjQ5OWEifQ%3D%3D\" href=\"https:\/\/pcc.eu\/wp-content\/uploads\/unternehmen\/pcc-soziales-engagement-amani-orphans-home-1.jpg\"><figure class=\"swiper-slide-inner\"><img decoding=\"async\" class=\"swiper-slide-image\" src=\"https:\/\/pcc.eu\/wp-content\/uploads\/unternehmen\/pcc-soziales-engagement-amani-orphans-home-1.jpg\" alt=\"Einst\u00f6ckiges Haus mit Ziegeldach, auf dem das Wort \u201aAFRICA\u2018 mit dunkleren Ziegeln geschrieben ist. Rechts lehnt eine Leiter an der Hauswand. Im Vordergrund sind B\u00fcsche und Gras zu sehen, im Hintergrund ein teilweise bew\u00f6lkter Himmel und entfernte H\u00fcgel oder Berge.\" \/><\/figure><\/a><\/div><div class=\"swiper-slide\" role=\"group\" aria-roledescription=\"slide\" aria-label=\"2 of 5\"><a data-elementor-open-lightbox=\"yes\" data-elementor-lightbox-slideshow=\"6b6499a\" data-elementor-lightbox-title=\"PCC-Soziales-Engagement-amani-orphans-home-2\" data-e-action-hash=\"#elementor-action%3Aaction%3Dlightbox%26settings%3DeyJpZCI6NDYzNSwidXJsIjoiaHR0cHM6XC9cL3BjYy5ldVwvd3AtY29udGVudFwvdXBsb2Fkc1wvdW50ZXJuZWhtZW5cL3BjYy1zb3ppYWxlcy1lbmdhZ2VtZW50LWFtYW5pLW9ycGhhbnMtaG9tZS0yLmpwZyIsInNsaWRlc2hvdyI6IjZiNjQ5OWEifQ%3D%3D\" href=\"https:\/\/pcc.eu\/wp-content\/uploads\/unternehmen\/pcc-soziales-engagement-amani-orphans-home-2.jpg\"><figure class=\"swiper-slide-inner\"><img decoding=\"async\" class=\"swiper-slide-image\" src=\"https:\/\/pcc.eu\/wp-content\/uploads\/unternehmen\/pcc-soziales-engagement-amani-orphans-home-2.jpg\" alt=\"Einst\u00f6ckiges Backsteinhaus mit Ziegeldach. Zwei Fenster mit Holzrahmen und Gittern sind sichtbar. Vor dem Haus steht ein kleiner Baum, dessen Schatten auf die Wand f\u00e4llt. Die Umgebung wirkt l\u00e4ndlich, mit etwas Vegetation und Bergen im Hintergrund.\" \/><\/figure><\/a><\/div><div class=\"swiper-slide\" role=\"group\" aria-roledescription=\"slide\" aria-label=\"3 of 5\"><a data-elementor-open-lightbox=\"yes\" data-elementor-lightbox-slideshow=\"6b6499a\" data-elementor-lightbox-title=\"PCC-Soziales-Engagement-amani-orphans-home-3\" data-e-action-hash=\"#elementor-action%3Aaction%3Dlightbox%26settings%3DeyJpZCI6NDYzNiwidXJsIjoiaHR0cHM6XC9cL3BjYy5ldVwvd3AtY29udGVudFwvdXBsb2Fkc1wvdW50ZXJuZWhtZW5cL3BjYy1zb3ppYWxlcy1lbmdhZ2VtZW50LWFtYW5pLW9ycGhhbnMtaG9tZS0zLmpwZyIsInNsaWRlc2hvdyI6IjZiNjQ5OWEifQ%3D%3D\" href=\"https:\/\/pcc.eu\/wp-content\/uploads\/unternehmen\/pcc-soziales-engagement-amani-orphans-home-3.jpg\"><figure class=\"swiper-slide-inner\"><img decoding=\"async\" class=\"swiper-slide-image\" src=\"https:\/\/pcc.eu\/wp-content\/uploads\/unternehmen\/pcc-soziales-engagement-amani-orphans-home-3.jpg\" alt=\"Leerer Raum mit halbhohen Steinw\u00e4nden und dar\u00fcber verputzten W\u00e4nden. Links befinden sich zwei Fenster, rechts eine T\u00fcr\u00f6ffnung zu einem weiteren Raum. Der Boden besteht aus Beton und weist in der Mitte eine r\u00f6tliche Verf\u00e4rbung oder Verschmutzung auf.\" \/><\/figure><\/a><\/div><div class=\"swiper-slide\" role=\"group\" aria-roledescription=\"slide\" aria-label=\"4 of 5\"><a data-elementor-open-lightbox=\"yes\" data-elementor-lightbox-slideshow=\"6b6499a\" data-elementor-lightbox-title=\"PCC-Soziales-Engagement-amani-orphans-home-4\" data-e-action-hash=\"#elementor-action%3Aaction%3Dlightbox%26settings%3DeyJpZCI6NDYzNywidXJsIjoiaHR0cHM6XC9cL3BjYy5ldVwvd3AtY29udGVudFwvdXBsb2Fkc1wvdW50ZXJuZWhtZW5cL3BjYy1zb3ppYWxlcy1lbmdhZ2VtZW50LWFtYW5pLW9ycGhhbnMtaG9tZS00LmpwZyIsInNsaWRlc2hvdyI6IjZiNjQ5OWEifQ%3D%3D\" href=\"https:\/\/pcc.eu\/wp-content\/uploads\/unternehmen\/pcc-soziales-engagement-amani-orphans-home-4.jpg\"><figure class=\"swiper-slide-inner\"><img decoding=\"async\" class=\"swiper-slide-image\" src=\"https:\/\/pcc.eu\/wp-content\/uploads\/unternehmen\/pcc-soziales-engagement-amani-orphans-home-4.jpg\" alt=\"Baustelle mit einem teilweise errichteten Backsteinhaus. Der Boden ist mit unebenen Steinen bedeckt, und es liegen verschiedene Baumaterialien wie Rohre und Holzbretter herum. Links befindet sich ein Fenster, in der Mitte eine offene T\u00fcr. Im Hintergrund sind ein weiteres Backsteingeb\u00e4ude und B\u00e4ume zu sehen.\" \/><\/figure><\/a><\/div><div class=\"swiper-slide\" role=\"group\" aria-roledescription=\"slide\" aria-label=\"5 of 5\"><a data-elementor-open-lightbox=\"yes\" data-elementor-lightbox-slideshow=\"6b6499a\" data-elementor-lightbox-title=\"PCC-Soziales-Engagement-amani-orphans-home-5\" data-e-action-hash=\"#elementor-action%3Aaction%3Dlightbox%26settings%3DeyJpZCI6NDYzOCwidXJsIjoiaHR0cHM6XC9cL3BjYy5ldVwvd3AtY29udGVudFwvdXBsb2Fkc1wvdW50ZXJuZWhtZW5cL3BjYy1zb3ppYWxlcy1lbmdhZ2VtZW50LWFtYW5pLW9ycGhhbnMtaG9tZS01LmpwZyIsInNsaWRlc2hvdyI6IjZiNjQ5OWEifQ%3D%3D\" href=\"https:\/\/pcc.eu\/wp-content\/uploads\/unternehmen\/pcc-soziales-engagement-amani-orphans-home-5.jpg\"><figure class=\"swiper-slide-inner\"><img decoding=\"async\" class=\"swiper-slide-image\" src=\"https:\/\/pcc.eu\/wp-content\/uploads\/unternehmen\/pcc-soziales-engagement-amani-orphans-home-5.jpg\" alt=\"Person steht auf nassem Steinboden vor einem Backsteingeb\u00e4ude. Die Person tr\u00e4gt dunkle Hose, wei\u00dfe Schuhe und ein rot-schwarzes Langarmshirt. Hinter ihr befindet sich eine offene T\u00fcr zu einem weiteren Raum mit Backsteinw\u00e4nden und Fenstern. Auf dem Boden liegt ein Schlauch, daneben befinden sich verschiedene Baumaterialien, darunter ein Eimer auf einer bank\u00e4hnlichen Struktur rechts und ein weiterer Beh\u00e4lter links.\" \/><\/figure><\/a><\/div>\t\t\t<\/div>\n\t\t\t\t\t\t\t\n\t\t\t\t\t\t\t\t\t<div class=\"swiper-pagination\"><\/div>\n\t\t\t\t\t\t\t\t\t<\/div>\n\t\t\t\t\t\t<\/div>\n\t\t\t\t<\/div>\n\t\t\t\t\t<\/div>\n\t\t\t\t<\/div>\n\t\t\t\t<\/div>\n\t\t","protected":false},"excerpt":{"rendered":"<p>Social commitment: local and international We as PCC help where it is needed &#8211; for a better future PCC has been committed to social and community issues for many years &#8211; both in the vicinity of our Group headquarters in Duisburg and internationally. Our affiliates also support social initiatives. For example, our US subsidiary PCC [&hellip;]<\/p>\n","protected":false},"author":2,"featured_media":4550,"parent":5934,"menu_order":4,"comment_status":"closed","ping_status":"closed","template":"","meta":{"_acf_changed":false,"footnotes":""},"class_list":["post-5995","page","type-page","status-publish","has-post-thumbnail","hentry"],"acf":[],"_links":{"self":[{"href":"https:\/\/pcc.eu\/en\/wp-json\/wp\/v2\/pages\/5995","targetHints":{"allow":["GET"]}}],"collection":[{"href":"https:\/\/pcc.eu\/en\/wp-json\/wp\/v2\/pages"}],"about":[{"href":"https:\/\/pcc.eu\/en\/wp-json\/wp\/v2\/types\/page"}],"author":[{"embeddable":true,"href":"https:\/\/pcc.eu\/en\/wp-json\/wp\/v2\/users\/2"}],"replies":[{"embeddable":true,"href":"https:\/\/pcc.eu\/en\/wp-json\/wp\/v2\/comments?post=5995"}],"version-history":[{"count":7,"href":"https:\/\/pcc.eu\/en\/wp-json\/wp\/v2\/pages\/5995\/revisions"}],"predecessor-version":[{"id":16206,"href":"https:\/\/pcc.eu\/en\/wp-json\/wp\/v2\/pages\/5995\/revisions\/16206"}],"up":[{"embeddable":true,"href":"https:\/\/pcc.eu\/en\/wp-json\/wp\/v2\/pages\/5934"}],"wp:featuredmedia":[{"embeddable":true,"href":"https:\/\/pcc.eu\/en\/wp-json\/wp\/v2\/media\/4550"}],"wp:attachment":[{"href":"https:\/\/pcc.eu\/en\/wp-json\/wp\/v2\/media?parent=5995"}],"curies":[{"name":"wp","href":"https:\/\/api.w.org\/{rel}","templated":true}]}}